{"id":88,"date":"2026-02-21T20:52:37","date_gmt":"2026-02-21T20:52:37","guid":{"rendered":"https:\/\/www.collectifpivote.fr\/?page_id=88"},"modified":"2026-02-23T12:39:33","modified_gmt":"2026-02-23T12:39:33","slug":"contact","status":"publish","type":"page","link":"https:\/\/www.collectifpivote.fr\/index.php\/contact\/","title":{"rendered":"CONTACT"},"content":{"rendered":"\n<form method=\"post\" class=\"wp-block-gutena-forms gutena-forms-contact-form gutena_forms_ID_ad30f3934d_822026212936 after_submit_message is-layout-flow wp-container-gutena-forms-is-layout-00b5b574 wp-block-gutena-forms-is-layout-flow\" style=\"padding-top:2rem;padding-bottom:5rem\"><input type=\"hidden\" name=\"formid\" value=\"gutena_forms_ID_ad30f3934d_822026212936\"\/>\n<div class=\"wp-block-gutena-text-field-group wp-block-gutena-field-group is-layout-flow wp-block-gutena-text-field-group-is-layout-flow\">\n<div class=\"wp-block-group is-vertical is-layout-flex wp-container-core-group-is-layout-501cef26 wp-block-group-is-layout-flex\"><label for=\"first_name\">Pr\u00e9nom<\/label>\n\n<div class=\"gutena-forms-text-field field-name-first_name  wp-block-gutena-form-field\"><input\n\t\t\t\tid=\"first_name\"\n\t\t\t\t name=\"first_name\" type=\"text\" class=\"gutena-forms-field text-field required-field  \" placeholder=\"Enter your first name\"  required\n\t\t\t\t\/><\/div><\/div>\n\n\n\n<p class=\"gutena-forms-field-error-msg\"><\/p>\n<\/div>\n\n\n\n<div class=\"wp-block-gutena-text-field-group wp-block-gutena-field-group is-layout-flow wp-block-gutena-text-field-group-is-layout-flow\">\n<div class=\"wp-block-group is-vertical is-layout-flex wp-container-core-group-is-layout-501cef26 wp-block-group-is-layout-flex\"><label for=\"last_name\">Nom<\/label>\n\n<div class=\"gutena-forms-text-field field-name-last_name  wp-block-gutena-form-field\"><input\n\t\t\t\tid=\"last_name\"\n\t\t\t\t name=\"last_name\" type=\"text\" class=\"gutena-forms-field text-field required-field  \" placeholder=\"Enter your last name\"  required\n\t\t\t\t\/><\/div><\/div>\n\n\n\n<p class=\"gutena-forms-field-error-msg\"><\/p>\n<\/div>\n\n\n\n<div class=\"wp-block-gutena-email-field-group wp-block-gutena-field-group is-layout-flow wp-block-gutena-email-field-group-is-layout-flow\">\n<div class=\"wp-block-group is-vertical is-layout-flex wp-container-core-group-is-layout-501cef26 wp-block-group-is-layout-flex\"><label for=\"email\">Email<\/label>\n\n<div class=\"gutena-forms-email-field field-name-email  wp-block-gutena-form-field\"><input\n\t\t\t\tid=\"email\"\n\t\t\t\t name=\"email\" type=\"email\" class=\"gutena-forms-field email-field required-field  \" placeholder=\"example@gmail.com\"  required\n\t\t\t\t\/><\/div><\/div>\n\n\n\n<p class=\"gutena-forms-field-error-msg\"><\/p>\n<\/div>\n\n\n\n<div class=\"wp-block-gutena-text-field-group wp-block-gutena-field-group is-layout-flow wp-block-gutena-text-field-group-is-layout-flow\">\n<div class=\"wp-block-group is-vertical is-layout-flex wp-container-core-group-is-layout-501cef26 wp-block-group-is-layout-flex\"><label for=\"subject\">Sujet<\/label>\n\n<div class=\"gutena-forms-text-field field-name-subject  wp-block-gutena-form-field\"><input\n\t\t\t\tid=\"subject\"\n\t\t\t\t name=\"subject\" type=\"text\" class=\"gutena-forms-field text-field required-field  \" placeholder=\"Subject\"  required\n\t\t\t\t\/><\/div><\/div>\n\n\n\n<p class=\"gutena-forms-field-error-msg\"><\/p>\n<\/div>\n\n\n\n<div class=\"wp-block-gutena-textarea-field-group wp-block-gutena-field-group is-layout-flow wp-block-gutena-textarea-field-group-is-layout-flow\">\n<div class=\"wp-block-group is-vertical is-layout-flex wp-container-core-group-is-layout-501cef26 wp-block-group-is-layout-flex\"><label for=\"message\">Message<\/label>\n\n<div class=\"gutena-forms-textarea-field field-name-message  wp-block-gutena-form-field\"><textarea\n\t\t\t\tid=\"message\"\n\t\t\t\t name=\"message\" rows=\"5\" class=\"gutena-forms-field textarea-field required-field  \" placeholder=\"Type here\"  required\n\t\t\t\t><\/textarea><\/div><\/div>\n\n\n\n<p class=\"gutena-forms-field-error-msg\"><\/p>\n<\/div>\n\n\n\n<div class=\"wp-block-buttons gutena-forms-submit-buttons is-layout-flex wp-block-buttons-is-layout-flex\">\n<div class=\"wp-block-button gutena-forms-submit-button\"><button class=\"wp-block-button__link wp-element-button\">Envoyer<\/button><\/div>\n<\/div>\n\n\n\n<div class=\"wp-block-gutena-form-confirm-msg is-layout-flow wp-block-gutena-form-confirm-msg-is-layout-flow\">\n<div class=\"wp-block-group has-background is-content-justification-left is-nowrap is-layout-flex wp-container-core-group-is-layout-385d3396 wp-block-group-is-layout-flex\" style=\"border-radius:5px;background-color:#d8eacc;padding-top:12px;padding-right:12px;padding-bottom:12px;padding-left:12px\">\n<figure class=\"wp-block-image size-large form-message-icon\"><img decoding=\"async\" src=\"data:image\/svg+xml;base64,PHN2ZyB3aWR0aD0iMTYiIGhlaWdodD0iMTYiIHZpZXdCb3g9IjAgMCAxNiAxNiIgZmlsbD0ibm9uZSIgeG1sbnM9Imh0dHA6Ly93d3cudzMub3JnLzIwMDAvc3ZnIj4NCjxwYXRoIGQ9Ik04IDE2QzMuNTgxNiAxNiAwIDEyLjQxODQgMCA4QzAgMy41ODE2IDMuNTgxNiAwIDggMEMxMi40MTg0IDAgMTYgMy41ODE2IDE2IDhDMTYgMTIuNDE4NCAxMi40MTg0IDE2IDggMTZaTTggMTQuNEM5LjY5NzM5IDE0LjQgMTEuMzI1MyAxMy43MjU3IDEyLjUyNTUgMTIuNTI1NUMxMy43MjU3IDExLjMyNTMgMTQuNCA5LjY5NzM5IDE0LjQgOEMxNC40IDYuMzAyNjEgMTMuNzI1NyA0LjY3NDc1IDEyLjUyNTUgMy40NzQ1MkMxMS4zMjUzIDIuMjc0MjggOS42OTczOSAxLjYgOCAxLjZDNi4zMDI2MSAxLjYgNC42NzQ3NSAyLjI3NDI4IDMuNDc0NTIgMy40NzQ1MkMyLjI3NDI4IDQuNjc0NzUgMS42IDYuMzAyNjEgMS42IDhDMS42IDkuNjk3MzkgMi4yNzQyOCAxMS4zMjUzIDMuNDc0NTIgMTIuNTI1NUM0LjY3NDc1IDEzLjcyNTcgNi4zMDI2MSAxNC40IDggMTQuNFpNNy4yMDI0IDExLjJMMy44MDggNy44MDU2TDQuOTM5MiA2LjY3NDRMNy4yMDI0IDguOTM3NkwxMS43MjcyIDQuNDEyTDEyLjg1OTIgNS41NDMyTDcuMjAyNCAxMS4yWiIgZmlsbD0iIzQ2ODQxRSIvPg0KPC9zdmc+DQo=\" alt=\"Success\" class=\"wp-image-3811\"\/><\/figure>\n\n\n\n<p class=\"has-black-color has-text-color has-tiny-font-size\" style=\"font-size:12px;font-style:normal;font-weight:500;line-height:1.2\">Votre message a bien \u00e9t\u00e9 envoy\u00e9 !<\/p>\n<\/div>\n<\/div>\n\n\n\n<div class=\"wp-block-gutena-form-error-msg is-layout-flow wp-block-gutena-form-error-msg-is-layout-flow\">\n<div class=\"wp-block-group has-background is-content-justification-left is-nowrap is-layout-flex wp-container-core-group-is-layout-385d3396 wp-block-group-is-layout-flex\" style=\"border-radius:5px;background-color:#ffd3d3;padding-top:12px;padding-right:12px;padding-bottom:12px;padding-left:12px\">\n<figure class=\"wp-block-image size-large form-message-icon\"><img decoding=\"async\" src=\"data:image\/svg+xml;base64,PHN2ZyB3aWR0aD0iMTYiIGhlaWdodD0iMTYiIHZpZXdCb3g9IjAgMCAxNiAxNiIgZmlsbD0ibm9uZSIgeG1sbnM9Imh0dHA6Ly93d3cudzMub3JnLzIwMDAvc3ZnIj4NCjxwYXRoIGQ9Ik04IDE2QzMuNTgxNiAxNiAwIDEyLjQxODQgMCA4QzAgMy41ODE2IDMuNTgxNiAwIDggMEMxMi40MTg0IDAgMTYgMy41ODE2IDE2IDhDMTYgMTIuNDE4NCAxMi40MTg0IDE2IDggMTZaTTggMTQuNEM5LjY5NzM5IDE0LjQgMTEuMzI1MyAxMy43MjU3IDEyLjUyNTUgMTIuNTI1NUMxMy43MjU3IDExLjMyNTMgMTQuNCA5LjY5NzM5IDE0LjQgOEMxNC40IDYuMzAyNjEgMTMuNzI1NyA0LjY3NDc1IDEyLjUyNTUgMy40NzQ1MkMxMS4zMjUzIDIuMjc0MjggOS42OTczOSAxLjYgOCAxLjZDNi4zMDI2MSAxLjYgNC42NzQ3NSAyLjI3NDI4IDMuNDc0NTIgMy40NzQ1MkMyLjI3NDI4IDQuNjc0NzUgMS42IDYuMzAyNjEgMS42IDhDMS42IDkuNjk3MzkgMi4yNzQyOCAxMS4zMjUzIDMuNDc0NTIgMTIuNTI1NUM0LjY3NDc1IDEzLjcyNTcgNi4zMDI2MSAxNC40IDggMTQuNFpNNy4yIDEwLjRIOC44VjEySDcuMlYxMC40Wk03LjIgNEg4LjhWOC44SDcuMlY0WiIgZmlsbD0iI0M1MTkxOSIvPg0KPC9zdmc+DQo=\" alt=\"Error\" class=\"wp-image-3811\"\/><\/figure>\n\n\n\n<p class=\"gutena-forms-error-text has-black-color has-text-color\" style=\"font-size:12px;font-style:normal;font-weight:500;line-height:1.2\">D\u00e9sol\u00e9s ! Une erreur s&rsquo;est produite. Votre message n&rsquo;a pas \u00e9t\u00e9 envoy\u00e9.<\/p>\n<\/div>\n<\/div>\n<\/form>\n","protected":false},"excerpt":{"rendered":"","protected":false},"author":1,"featured_media":0,"parent":0,"menu_order":0,"comment_status":"closed","ping_status":"closed","template":"","meta":{"footnotes":""},"class_list":["post-88","page","type-page","status-publish","hentry"],"_links":{"self":[{"href":"https:\/\/www.collectifpivote.fr\/index.php\/wp-json\/wp\/v2\/pages\/88","targetHints":{"allow":["GET"]}}],"collection":[{"href":"https:\/\/www.collectifpivote.fr\/index.php\/wp-json\/wp\/v2\/pages"}],"about":[{"href":"https:\/\/www.collectifpivote.fr\/index.php\/wp-json\/wp\/v2\/types\/page"}],"author":[{"embeddable":true,"href":"https:\/\/www.collectifpivote.fr\/index.php\/wp-json\/wp\/v2\/users\/1"}],"replies":[{"embeddable":true,"href":"https:\/\/www.collectifpivote.fr\/index.php\/wp-json\/wp\/v2\/comments?post=88"}],"version-history":[{"count":5,"href":"https:\/\/www.collectifpivote.fr\/index.php\/wp-json\/wp\/v2\/pages\/88\/revisions"}],"predecessor-version":[{"id":236,"href":"https:\/\/www.collectifpivote.fr\/index.php\/wp-json\/wp\/v2\/pages\/88\/revisions\/236"}],"wp:attachment":[{"href":"https:\/\/www.collectifpivote.fr\/index.php\/wp-json\/wp\/v2\/media?parent=88"}],"curies":[{"name":"wp","href":"https:\/\/api.w.org\/{rel}","templated":true}]}}