{"id":41,"date":"2026-02-11T11:38:21","date_gmt":"2026-02-11T11:38:21","guid":{"rendered":"https:\/\/www.collectifpivote.fr\/?page_id=41"},"modified":"2026-04-08T19:48:54","modified_gmt":"2026-04-08T19:48:54","slug":"homepage-a-publier","status":"publish","type":"page","link":"https:\/\/www.collectifpivote.fr\/","title":{"rendered":"HOMEPAGE"},"content":{"rendered":"\n<div class=\"wp-block-group alignfull has-custom-jaune-background-color has-background has-global-padding is-layout-constrained wp-container-core-group-is-layout-490fa1db wp-block-group-is-layout-constrained\" style=\"padding-top:var(--wp--preset--spacing--50);padding-right:var(--wp--preset--spacing--50);padding-bottom:var(--wp--preset--spacing--50);padding-left:var(--wp--preset--spacing--50)\">\n<div class=\"wp-block-group has-global-padding is-layout-constrained wp-container-core-group-is-layout-650790e1 wp-block-group-is-layout-constrained\">\n<h1 class=\"wp-block-heading alignwide has-text-align-center has-x-large-font-size\">Allongez la dur\u00e9e de vie de votre organisation<\/h1>\n\n\n\n<div style=\"height:1.25rem\" aria-hidden=\"true\" class=\"wp-block-spacer\"><\/div>\n\n\n\n<p class=\"has-text-align-center\" style=\"margin-top:var(--wp--preset--spacing--10);margin-bottom:var(--wp--preset--spacing--10)\">Face \u00e0 l\u2019augmentation des co\u00fbts, la tension sur les ressources et l\u2019\u00e9volution de la r\u00e9glementation, nous aidons les entreprises, fili\u00e8res et territoires \u00e0 passer \u00e0 l\u2019action circulaire.<\/p>\n\n\n\n<div style=\"height:1.25rem\" aria-hidden=\"true\" class=\"wp-block-spacer\"><\/div>\n\n\n\n<div class=\"wp-block-buttons is-content-justification-center is-layout-flex wp-container-core-buttons-is-layout-a89b3969 wp-block-buttons-is-layout-flex\">\n<div class=\"wp-block-button\"><a class=\"wp-block-button__link has-text-align-center wp-element-button\" href=\"#offre\">Notre offre <\/a><\/div>\n<\/div>\n<\/div>\n<\/div>\n\n\n\n<div class=\"wp-block-group alignfull has-global-padding is-layout-constrained wp-block-group-is-layout-constrained\" id=\"offre\">\n<div class=\"wp-block-group alignfull has-global-padding is-layout-constrained wp-block-group-is-layout-constrained\">\n<div style=\"height:20px\" aria-hidden=\"true\" class=\"wp-block-spacer\"><\/div>\n\n\n\n<div class=\"wp-block-group alignwide is-vertical is-layout-flex wp-container-core-group-is-layout-fb00d1fc wp-block-group-is-layout-flex\" style=\"padding-top:var(--wp--preset--spacing--10);padding-bottom:var(--wp--preset--spacing--10)\">\n<h2 class=\"wp-block-heading\">Chez Pivot\u00b7e&#8230;<\/h2>\n\n\n\n<p>Chez Pivot\u00b7e, la coop\u00e9ration est une m\u00e9thode. Nous mobilisons nos comp\u00e9tences et celles d\u2019experts partenaires pour co-construire, exp\u00e9rimenter et d\u00e9ployer avec nos clients des solutions circulaires \u00e0 fort impact environnemental, social, et \u00e9conomique. Nous nous adaptons \u00e0 la complexit\u00e9 et \u00e0 la diversit\u00e9 des enjeux des organisations pour co-concevoir pas \u00e0 pas des solutions sur-mesure.<\/p>\n<\/div>\n\n\n\n<div class=\"wp-block-columns alignwide is-layout-flex wp-container-core-columns-is-layout-28f84493 wp-block-columns-is-layout-flex\">\n<div class=\"wp-block-column is-layout-flow wp-block-column-is-layout-flow\" style=\"padding-top:var(--wp--preset--spacing--10);padding-bottom:var(--wp--preset--spacing--10)\">\n<h3 class=\"wp-block-heading\">Activer<\/h3>\n\n\n\n<p>Nous mobilisons vos \u00e9quipes autour des enjeux de l\u2019\u00e9conomie circulaire \u00e0 travers des ateliers et formations-actions. Nous cr\u00e9ons un socle commun et d\u00e9clenchons l\u2019envie d\u2019agir. <\/p>\n\n\n\n<p><strong>R\u00e9sultat :<\/strong> des \u00e9quipes engag\u00e9es et align\u00e9es. <\/p>\n<\/div>\n\n\n\n<div class=\"wp-block-column is-layout-flow wp-block-column-is-layout-flow\" style=\"padding-top:var(--wp--preset--spacing--10);padding-bottom:var(--wp--preset--spacing--10)\">\n<h3 class=\"wp-block-heading\">Piloter<\/h3>\n\n\n\n<p>Nous analysons votre mod\u00e8le, identifions les priorit\u00e9s et co-construisons un plan d\u2019action concret. Du diagnostic au projet pilote, nous testons et d\u00e9ployons des solutions adapt\u00e9es.<\/p>\n\n\n\n<p><strong>R\u00e9sultat : <\/strong>une vision claire et des actions mesurables.<\/p>\n<\/div>\n\n\n\n<div class=\"wp-block-column is-layout-flow wp-block-column-is-layout-flow\" style=\"padding-top:var(--wp--preset--spacing--10);padding-bottom:var(--wp--preset--spacing--10)\">\n<h3 class=\"wp-block-heading\">D\u00e9ployer<\/h3>\n\n\n\n<p>Nous facilitons les synergies entre acteurs pour d\u00e9velopper des projets circulaires \u00e0 l\u2019\u00e9chelle d\u2019une fili\u00e8re ou d\u2019un territoire. Nous structurons et animons des dynamiques collectives utiles. <\/p>\n\n\n\n<p><strong>R\u00e9sultat :<\/strong> des coop\u00e9rations solides et impactantes.<\/p>\n<\/div>\n<\/div>\n\n\n\n<div style=\"height:20px\" aria-hidden=\"true\" class=\"wp-block-spacer\"><\/div>\n\n\n\n<div class=\"wp-block-buttons alignwide is-content-justification-center is-layout-flex wp-container-core-buttons-is-layout-a89b3969 wp-block-buttons-is-layout-flex\">\n<div class=\"wp-block-button\"><a class=\"wp-block-button__link wp-element-button\" href=\"https:\/\/www.collectifpivote.fr\/index.php\/contact\/\">Contactez-nous<\/a><\/div>\n<\/div>\n\n\n\n<div style=\"height:60px\" aria-hidden=\"true\" class=\"wp-block-spacer\"><\/div>\n<\/div>\n<\/div>\n\n\n\n<div class=\"wp-block-group alignfull has-custom-vert-background-color has-background has-global-padding is-layout-constrained wp-container-core-group-is-layout-669513ed wp-block-group-is-layout-constrained\" style=\"margin-top:0;margin-bottom:0;padding-top:var(--wp--preset--spacing--50);padding-right:var(--wp--preset--spacing--50);padding-bottom:var(--wp--preset--spacing--50);padding-left:var(--wp--preset--spacing--50)\">\n<div class=\"wp-block-group alignwide is-vertical is-layout-flex wp-container-core-group-is-layout-40f5052d wp-block-group-is-layout-flex\" style=\"padding-top:0;padding-bottom:0\">\n<h2 class=\"wp-block-heading\">Rencontrez notre \u00e9quipe<\/h2>\n\n\n\n<p class=\"has-text-align-left\">N\u00e9 de la rencontre de cinq professionnel\u00b7les issu\u00b7es de l\u2019innovation, du marketing et de la durabilit\u00e9, notre collectif agit comme un point d&rsquo;appui pour vous aider \u00e0 repenser votre strat\u00e9gie, adapter votre offre et mobiliser vos \u00e9quipes et partenaires.<\/p>\n\n\n\n<div style=\"height:16px\" aria-hidden=\"true\" class=\"wp-block-spacer wp-container-content-f9bd05ee\"><\/div>\n<\/div>\n\n\n\n<div class=\"wp-block-columns alignwide is-layout-flex wp-container-core-columns-is-layout-9964890a wp-block-columns-is-layout-flex\" style=\"padding-top:var(--wp--preset--spacing--10);padding-right:0;padding-bottom:var(--wp--preset--spacing--10);padding-left:0\">\n<div class=\"wp-block-column is-layout-flow wp-block-column-is-layout-flow\">\n<figure class=\"wp-block-image size-full is-style-rounded is-style-rounded--1\"><img loading=\"lazy\" decoding=\"async\" width=\"1200\" height=\"1500\" src=\"https:\/\/www.collectifpivote.fr\/wp-content\/uploads\/2026\/02\/Aurelie-1.png\" alt=\"\" class=\"wp-image-232\" style=\"aspect-ratio:1;object-fit:cover\" srcset=\"https:\/\/www.collectifpivote.fr\/wp-content\/uploads\/2026\/02\/Aurelie-1.png 1200w, https:\/\/www.collectifpivote.fr\/wp-content\/uploads\/2026\/02\/Aurelie-1-240x300.png 240w, https:\/\/www.collectifpivote.fr\/wp-content\/uploads\/2026\/02\/Aurelie-1-819x1024.png 819w, https:\/\/www.collectifpivote.fr\/wp-content\/uploads\/2026\/02\/Aurelie-1-768x960.png 768w\" sizes=\"auto, (max-width: 1200px) 100vw, 1200px\" \/><\/figure>\n\n\n\n<div class=\"wp-block-group is-vertical is-content-justification-center is-nowrap is-layout-flex wp-container-core-group-is-layout-21d4e958 wp-block-group-is-layout-flex\">\n<p class=\"has-text-align-center has-small-font-size\"><strong>Aur\u00e9lie Lebois<\/strong><\/p>\n\n\n\n<p class=\"has-text-align-center has-small-font-size\">15 ans d\u2019exp\u00e9rience en communication, marketing et RSE, dans la mode, le digital, le transport et l&rsquo;immobilier.<\/p>\n<\/div>\n<\/div>\n\n\n\n<div class=\"wp-block-column is-layout-flow wp-block-column-is-layout-flow\">\n<figure class=\"wp-block-image size-full is-style-rounded is-style-rounded--2\"><img loading=\"lazy\" decoding=\"async\" width=\"1200\" height=\"1500\" src=\"https:\/\/www.collectifpivote.fr\/wp-content\/uploads\/2026\/02\/Charlie-1.png\" alt=\"\" class=\"wp-image-233\" style=\"aspect-ratio:1;object-fit:cover\" srcset=\"https:\/\/www.collectifpivote.fr\/wp-content\/uploads\/2026\/02\/Charlie-1.png 1200w, https:\/\/www.collectifpivote.fr\/wp-content\/uploads\/2026\/02\/Charlie-1-240x300.png 240w, https:\/\/www.collectifpivote.fr\/wp-content\/uploads\/2026\/02\/Charlie-1-819x1024.png 819w, https:\/\/www.collectifpivote.fr\/wp-content\/uploads\/2026\/02\/Charlie-1-768x960.png 768w\" sizes=\"auto, (max-width: 1200px) 100vw, 1200px\" \/><\/figure>\n\n\n\n<div class=\"wp-block-group is-vertical is-content-justification-center is-nowrap is-layout-flex wp-container-core-group-is-layout-63bfd6c1 wp-block-group-is-layout-flex\">\n<p class=\"has-text-align-center has-small-font-size\"><strong>Charlie Weibel-Charvet<\/strong><\/p>\n\n\n\n<p class=\"has-text-align-center has-small-font-size\">15 ans en gestion de projets de transformation pour des entreprises, cabinets et ONGs entre Paris et Bogota.<\/p>\n<\/div>\n<\/div>\n\n\n\n<div class=\"wp-block-column is-layout-flow wp-block-column-is-layout-flow\">\n<figure class=\"wp-block-image size-full is-style-rounded is-style-rounded--3\"><img loading=\"lazy\" decoding=\"async\" width=\"1200\" height=\"1500\" src=\"https:\/\/www.collectifpivote.fr\/wp-content\/uploads\/2026\/02\/3.png\" alt=\"\" class=\"wp-image-163\" style=\"aspect-ratio:1;object-fit:cover\" srcset=\"https:\/\/www.collectifpivote.fr\/wp-content\/uploads\/2026\/02\/3.png 1200w, https:\/\/www.collectifpivote.fr\/wp-content\/uploads\/2026\/02\/3-240x300.png 240w, https:\/\/www.collectifpivote.fr\/wp-content\/uploads\/2026\/02\/3-819x1024.png 819w, https:\/\/www.collectifpivote.fr\/wp-content\/uploads\/2026\/02\/3-768x960.png 768w\" sizes=\"auto, (max-width: 1200px) 100vw, 1200px\" \/><\/figure>\n\n\n\n<div class=\"wp-block-group is-vertical is-content-justification-center is-nowrap is-layout-flex wp-container-core-group-is-layout-63bfd6c1 wp-block-group-is-layout-flex\">\n<p class=\"has-text-align-center has-small-font-size\"><strong>L\u00e6titia Garabello<\/strong><\/p>\n\n\n\n<p class=\"has-text-align-center has-small-font-size\">20 ans de conseil en strat\u00e9gie de marque et RSE aupr\u00e8s de PME, multinationales, startup et institutions.<\/p>\n<\/div>\n<\/div>\n\n\n\n<div class=\"wp-block-column is-layout-flow wp-block-column-is-layout-flow\">\n<figure class=\"wp-block-image size-full is-style-rounded is-style-rounded--4\"><img loading=\"lazy\" decoding=\"async\" width=\"1200\" height=\"1500\" src=\"https:\/\/www.collectifpivote.fr\/wp-content\/uploads\/2026\/02\/2.png\" alt=\"\" class=\"wp-image-164\" style=\"aspect-ratio:1;object-fit:cover\" srcset=\"https:\/\/www.collectifpivote.fr\/wp-content\/uploads\/2026\/02\/2.png 1200w, https:\/\/www.collectifpivote.fr\/wp-content\/uploads\/2026\/02\/2-240x300.png 240w, https:\/\/www.collectifpivote.fr\/wp-content\/uploads\/2026\/02\/2-819x1024.png 819w, https:\/\/www.collectifpivote.fr\/wp-content\/uploads\/2026\/02\/2-768x960.png 768w\" sizes=\"auto, (max-width: 1200px) 100vw, 1200px\" \/><\/figure>\n\n\n\n<div class=\"wp-block-group is-vertical is-content-justification-center is-nowrap is-layout-flex wp-container-core-group-is-layout-21d4e958 wp-block-group-is-layout-flex\">\n<p class=\"has-text-align-center has-small-font-size\"><strong>Linda Korchi<\/strong><\/p>\n\n\n\n<p class=\"has-text-align-center has-small-font-size\">17 ans en d\u00e9veloppement produit, sourcing, \u00e9co-conception, strat\u00e9gie RSE et n\u00e9gociation commerciale.<\/p>\n<\/div>\n<\/div>\n\n\n\n<div class=\"wp-block-column is-layout-flow wp-block-column-is-layout-flow\">\n<figure class=\"wp-block-image size-full is-style-rounded is-style-rounded--5\"><img loading=\"lazy\" decoding=\"async\" width=\"1200\" height=\"1500\" src=\"https:\/\/www.collectifpivote.fr\/wp-content\/uploads\/2026\/02\/4.png\" alt=\"\" class=\"wp-image-165\" style=\"aspect-ratio:1;object-fit:cover\" srcset=\"https:\/\/www.collectifpivote.fr\/wp-content\/uploads\/2026\/02\/4.png 1200w, https:\/\/www.collectifpivote.fr\/wp-content\/uploads\/2026\/02\/4-240x300.png 240w, https:\/\/www.collectifpivote.fr\/wp-content\/uploads\/2026\/02\/4-819x1024.png 819w, https:\/\/www.collectifpivote.fr\/wp-content\/uploads\/2026\/02\/4-768x960.png 768w\" sizes=\"auto, (max-width: 1200px) 100vw, 1200px\" \/><\/figure>\n\n\n\n<div class=\"wp-block-group is-vertical is-content-justification-center is-nowrap is-layout-flex wp-container-core-group-is-layout-21d4e958 wp-block-group-is-layout-flex\">\n<p class=\"has-text-align-center has-small-font-size\"><strong>St\u00e9phanie Poey<\/strong><\/p>\n\n\n\n<p class=\"has-text-align-center has-small-font-size\">15 ans d\u2019exp\u00e9rience dans des ONGs environnementales, en communication, marketing, \u00e9ducation et mobilisation.<\/p>\n<\/div>\n<\/div>\n<\/div>\n\n\n\n<div class=\"wp-block-buttons alignwide is-content-justification-center is-layout-flex wp-container-core-buttons-is-layout-a89b3969 wp-block-buttons-is-layout-flex\">\n<div class=\"wp-block-button\"><a class=\"wp-block-button__link has-text-align-center wp-element-button\" href=\"https:\/\/www.collectifpivote.fr\/index.php\/contact\/\">Contactez-nous<\/a><\/div>\n<\/div>\n<\/div>\n\n\n\n<div class=\"wp-block-group alignfull has-global-padding is-layout-constrained wp-block-group-is-layout-constrained\">\n<div class=\"wp-block-group alignwide is-vertical is-layout-flex wp-container-core-group-is-layout-fe9cc265 wp-block-group-is-layout-flex\">\n<div style=\"height:52px\" aria-hidden=\"true\" class=\"wp-block-spacer wp-container-content-ebfaf734\"><\/div>\n\n\n\n<h2 class=\"wp-block-heading alignwide\">Nos clients<\/h2>\n\n\n\n<p class=\"has-text-align-left\">Ils nous font confiance pour engager, structurer et faire avancer leur d\u00e9marche d\u2019\u00e9conomie circulaire. Voici quelques-unes des organisations que nous accompagnons.<\/p>\n\n\n\n<figure class=\"wp-block-gallery alignwide has-nested-images columns-5 wp-block-gallery-6 is-layout-flex wp-block-gallery-is-layout-flex\">\n<figure class=\"wp-block-image size-full\"><a href=\"https:\/\/formation-transition.fr\/\"><img loading=\"lazy\" decoding=\"async\" width=\"1200\" height=\"1200\" data-id=\"185\" src=\"https:\/\/www.collectifpivote.fr\/wp-content\/uploads\/2026\/02\/FT.png\" alt=\"\" class=\"wp-image-185\" srcset=\"https:\/\/www.collectifpivote.fr\/wp-content\/uploads\/2026\/02\/FT.png 1200w, https:\/\/www.collectifpivote.fr\/wp-content\/uploads\/2026\/02\/FT-300x300.png 300w, https:\/\/www.collectifpivote.fr\/wp-content\/uploads\/2026\/02\/FT-1024x1024.png 1024w, https:\/\/www.collectifpivote.fr\/wp-content\/uploads\/2026\/02\/FT-150x150.png 150w, https:\/\/www.collectifpivote.fr\/wp-content\/uploads\/2026\/02\/FT-768x768.png 768w\" sizes=\"auto, (max-width: 1200px) 100vw, 1200px\" \/><\/a><\/figure>\n\n\n\n<figure class=\"wp-block-image size-full\"><a href=\"https:\/\/valparisis.fr\/\"><img loading=\"lazy\" decoding=\"async\" width=\"1200\" height=\"1200\" data-id=\"186\" src=\"https:\/\/www.collectifpivote.fr\/wp-content\/uploads\/2026\/02\/Valparisis.png\" alt=\"\" class=\"wp-image-186\" srcset=\"https:\/\/www.collectifpivote.fr\/wp-content\/uploads\/2026\/02\/Valparisis.png 1200w, https:\/\/www.collectifpivote.fr\/wp-content\/uploads\/2026\/02\/Valparisis-300x300.png 300w, https:\/\/www.collectifpivote.fr\/wp-content\/uploads\/2026\/02\/Valparisis-1024x1024.png 1024w, https:\/\/www.collectifpivote.fr\/wp-content\/uploads\/2026\/02\/Valparisis-150x150.png 150w, https:\/\/www.collectifpivote.fr\/wp-content\/uploads\/2026\/02\/Valparisis-768x768.png 768w\" sizes=\"auto, (max-width: 1200px) 100vw, 1200px\" \/><\/a><\/figure>\n\n\n\n<figure class=\"wp-block-image size-full\"><a href=\"https:\/\/parisinternationale.com\/\"><img loading=\"lazy\" decoding=\"async\" width=\"1200\" height=\"1200\" data-id=\"228\" src=\"https:\/\/www.collectifpivote.fr\/wp-content\/uploads\/2026\/02\/Aaah-Paris-Internationale.png\" alt=\"\" class=\"wp-image-228\" srcset=\"https:\/\/www.collectifpivote.fr\/wp-content\/uploads\/2026\/02\/Aaah-Paris-Internationale.png 1200w, https:\/\/www.collectifpivote.fr\/wp-content\/uploads\/2026\/02\/Aaah-Paris-Internationale-300x300.png 300w, https:\/\/www.collectifpivote.fr\/wp-content\/uploads\/2026\/02\/Aaah-Paris-Internationale-1024x1024.png 1024w, https:\/\/www.collectifpivote.fr\/wp-content\/uploads\/2026\/02\/Aaah-Paris-Internationale-150x150.png 150w, https:\/\/www.collectifpivote.fr\/wp-content\/uploads\/2026\/02\/Aaah-Paris-Internationale-768x768.png 768w\" sizes=\"auto, (max-width: 1200px) 100vw, 1200px\" \/><\/a><\/figure>\n\n\n\n<figure class=\"wp-block-image size-full\"><a href=\"https:\/\/fairspace.fr\/\"><img loading=\"lazy\" decoding=\"async\" width=\"1200\" height=\"1200\" data-id=\"188\" src=\"https:\/\/www.collectifpivote.fr\/wp-content\/uploads\/2026\/02\/Fairspace.png\" alt=\"\" class=\"wp-image-188\" srcset=\"https:\/\/www.collectifpivote.fr\/wp-content\/uploads\/2026\/02\/Fairspace.png 1200w, https:\/\/www.collectifpivote.fr\/wp-content\/uploads\/2026\/02\/Fairspace-300x300.png 300w, https:\/\/www.collectifpivote.fr\/wp-content\/uploads\/2026\/02\/Fairspace-1024x1024.png 1024w, https:\/\/www.collectifpivote.fr\/wp-content\/uploads\/2026\/02\/Fairspace-150x150.png 150w, https:\/\/www.collectifpivote.fr\/wp-content\/uploads\/2026\/02\/Fairspace-768x768.png 768w\" sizes=\"auto, (max-width: 1200px) 100vw, 1200px\" \/><\/a><\/figure>\n<\/figure>\n\n\n\n<figure class=\"wp-block-gallery alignwide has-nested-images columns-5 wp-block-gallery-7 is-layout-flex wp-block-gallery-is-layout-flex\">\n<figure class=\"wp-block-image size-full\"><a href=\"https:\/\/ceylook.com\/\"><img loading=\"lazy\" decoding=\"async\" width=\"1200\" height=\"1200\" data-id=\"217\" src=\"https:\/\/www.collectifpivote.fr\/wp-content\/uploads\/2026\/02\/Ceylook.png\" alt=\"\" class=\"wp-image-217\" srcset=\"https:\/\/www.collectifpivote.fr\/wp-content\/uploads\/2026\/02\/Ceylook.png 1200w, https:\/\/www.collectifpivote.fr\/wp-content\/uploads\/2026\/02\/Ceylook-300x300.png 300w, https:\/\/www.collectifpivote.fr\/wp-content\/uploads\/2026\/02\/Ceylook-1024x1024.png 1024w, https:\/\/www.collectifpivote.fr\/wp-content\/uploads\/2026\/02\/Ceylook-150x150.png 150w, https:\/\/www.collectifpivote.fr\/wp-content\/uploads\/2026\/02\/Ceylook-768x768.png 768w\" sizes=\"auto, (max-width: 1200px) 100vw, 1200px\" \/><\/a><\/figure>\n\n\n\n<figure class=\"wp-block-image size-full\"><a href=\"https:\/\/www.lynxstudios.fr\/\"><img loading=\"lazy\" decoding=\"async\" width=\"1200\" height=\"1200\" data-id=\"218\" src=\"https:\/\/www.collectifpivote.fr\/wp-content\/uploads\/2026\/02\/Lynx.png\" alt=\"\" class=\"wp-image-218\" srcset=\"https:\/\/www.collectifpivote.fr\/wp-content\/uploads\/2026\/02\/Lynx.png 1200w, https:\/\/www.collectifpivote.fr\/wp-content\/uploads\/2026\/02\/Lynx-300x300.png 300w, https:\/\/www.collectifpivote.fr\/wp-content\/uploads\/2026\/02\/Lynx-1024x1024.png 1024w, https:\/\/www.collectifpivote.fr\/wp-content\/uploads\/2026\/02\/Lynx-150x150.png 150w, https:\/\/www.collectifpivote.fr\/wp-content\/uploads\/2026\/02\/Lynx-768x768.png 768w\" sizes=\"auto, (max-width: 1200px) 100vw, 1200px\" \/><\/a><\/figure>\n\n\n\n<figure class=\"wp-block-image size-full\"><img loading=\"lazy\" decoding=\"async\" width=\"1200\" height=\"1200\" data-id=\"220\" src=\"https:\/\/www.collectifpivote.fr\/wp-content\/uploads\/2026\/02\/Pleased.png\" alt=\"\" class=\"wp-image-220\" srcset=\"https:\/\/www.collectifpivote.fr\/wp-content\/uploads\/2026\/02\/Pleased.png 1200w, https:\/\/www.collectifpivote.fr\/wp-content\/uploads\/2026\/02\/Pleased-300x300.png 300w, https:\/\/www.collectifpivote.fr\/wp-content\/uploads\/2026\/02\/Pleased-1024x1024.png 1024w, https:\/\/www.collectifpivote.fr\/wp-content\/uploads\/2026\/02\/Pleased-150x150.png 150w, https:\/\/www.collectifpivote.fr\/wp-content\/uploads\/2026\/02\/Pleased-768x768.png 768w\" sizes=\"auto, (max-width: 1200px) 100vw, 1200px\" \/><\/figure>\n\n\n\n<figure class=\"wp-block-image size-full\"><a href=\"https:\/\/www.atelierdessavoirfaire.fr\/\"><img loading=\"lazy\" decoding=\"async\" width=\"1200\" height=\"1200\" data-id=\"221\" src=\"https:\/\/www.collectifpivote.fr\/wp-content\/uploads\/2026\/02\/Atelier-savoir-faire-1.png\" alt=\"\" class=\"wp-image-221\" srcset=\"https:\/\/www.collectifpivote.fr\/wp-content\/uploads\/2026\/02\/Atelier-savoir-faire-1.png 1200w, https:\/\/www.collectifpivote.fr\/wp-content\/uploads\/2026\/02\/Atelier-savoir-faire-1-300x300.png 300w, https:\/\/www.collectifpivote.fr\/wp-content\/uploads\/2026\/02\/Atelier-savoir-faire-1-1024x1024.png 1024w, https:\/\/www.collectifpivote.fr\/wp-content\/uploads\/2026\/02\/Atelier-savoir-faire-1-150x150.png 150w, https:\/\/www.collectifpivote.fr\/wp-content\/uploads\/2026\/02\/Atelier-savoir-faire-1-768x768.png 768w\" sizes=\"auto, (max-width: 1200px) 100vw, 1200px\" \/><\/a><\/figure>\n<\/figure>\n\n\n\n<div style=\"height:20px\" aria-hidden=\"true\" class=\"wp-block-spacer wp-container-content-62aae154\"><\/div>\n<\/div>\n<\/div>\n","protected":false},"excerpt":{"rendered":"<p>Allongez la dur\u00e9e de vie de votre organisation Face \u00e0 l\u2019augmentation des co\u00fbts, la tension sur les ressources et l\u2019\u00e9volution de la r\u00e9glementation, nous aidons les entreprises, fili\u00e8res et territoires \u00e0 passer \u00e0 l\u2019action circulaire. Chez Pivot\u00b7e&#8230; Chez Pivot\u00b7e, la coop\u00e9ration est une m\u00e9thode. Nous mobilisons nos comp\u00e9tences et celles d\u2019experts partenaires pour co-construire, exp\u00e9rimenter [&hellip;]<\/p>\n","protected":false},"author":1,"featured_media":0,"parent":0,"menu_order":0,"comment_status":"closed","ping_status":"closed","template":"page-no-title","meta":{"footnotes":""},"class_list":["post-41","page","type-page","status-publish","hentry"],"_links":{"self":[{"href":"https:\/\/www.collectifpivote.fr\/index.php\/wp-json\/wp\/v2\/pages\/41","targetHints":{"allow":["GET"]}}],"collection":[{"href":"https:\/\/www.collectifpivote.fr\/index.php\/wp-json\/wp\/v2\/pages"}],"about":[{"href":"https:\/\/www.collectifpivote.fr\/index.php\/wp-json\/wp\/v2\/types\/page"}],"author":[{"embeddable":true,"href":"https:\/\/www.collectifpivote.fr\/index.php\/wp-json\/wp\/v2\/users\/1"}],"replies":[{"embeddable":true,"href":"https:\/\/www.collectifpivote.fr\/index.php\/wp-json\/wp\/v2\/comments?post=41"}],"version-history":[{"count":68,"href":"https:\/\/www.collectifpivote.fr\/index.php\/wp-json\/wp\/v2\/pages\/41\/revisions"}],"predecessor-version":[{"id":243,"href":"https:\/\/www.collectifpivote.fr\/index.php\/wp-json\/wp\/v2\/pages\/41\/revisions\/243"}],"wp:attachment":[{"href":"https:\/\/www.collectifpivote.fr\/index.php\/wp-json\/wp\/v2\/media?parent=41"}],"curies":[{"name":"wp","href":"https:\/\/api.w.org\/{rel}","templated":true}]}}