{"id":199,"date":"2026-02-23T10:02:48","date_gmt":"2026-02-23T10:02:48","guid":{"rendered":"https:\/\/www.collectifpivote.fr\/?page_id=199"},"modified":"2026-02-23T10:02:48","modified_gmt":"2026-02-23T10:02:48","slug":"mentions-legales","status":"publish","type":"page","link":"https:\/\/www.collectifpivote.fr\/index.php\/mentions-legales\/","title":{"rendered":"Mentions l\u00e9gales"},"content":{"rendered":"\n<h2 class=\"wp-block-heading\">Qui sommes-nous&nbsp;?<\/h2>\n\n\n\n<p>Le site collectifpivote.fr est la propri\u00e9t\u00e9 de Linda Korchi, Aur\u00e9lie Lebois, Charlie Weibel-Charvet, Laetitia Garabello et St\u00e9phanie Poey, auto-entepreneurs.<\/p>\n\n\n\n<h2 class=\"wp-block-heading\">Directeur de la publication<\/h2>\n\n\n\n<p>Directeur de la publication : Aur\u00e9lie Lebois.<\/p>\n\n\n\n<h2 class=\"wp-block-heading\">H\u00e9bergement<\/h2>\n\n\n\n<p>Site h\u00e9berg\u00e9&nbsp;par&nbsp;OVH, SAS au capital de 50 000 000\u20ac ayant son si\u00e8ge social au 2 RUE KELLERMANN, 59100 ROUBAIX, FRANCE, Siren 424 761 419 RCS Lille, joignable au t\u00e9l\u00e9phone au 1007.<\/p>\n\n\n\n<h2 class=\"wp-block-heading\">Propri\u00e9t\u00e9 intellectuelle<\/h2>\n\n\n\n<p>Tout le contenu du site collectifpivote.fr, incluant, de fa\u00e7on non limitative, les graphismes, images, textes, vid\u00e9os, animations, sons, logo, gifs et ic\u00f4nes ainsi que leur mise en forme sont la propri\u00e9t\u00e9 exclusive de l\u2019entreprise \u00e0 l\u2019exception des marques, logos ou contenus appartenant \u00e0 d\u2019autres soci\u00e9t\u00e9s partenaires ou auteurs.<\/p>\n\n\n\n<p>Toute reproduction, distribution, modification, adaptation, retransmission ou publication, m\u00eame partielle, de ces diff\u00e9rents \u00e9l\u00e9ments est strictement interdite sans l\u2019accord expr\u00e8s par \u00e9crit du collectif Pivot\u00b7e. Cette repr\u00e9sentation ou reproduction, par quelque proc\u00e9d\u00e9 que ce soit, constitue une contrefa\u00e7on sanctionn\u00e9e par les articles L.335-2 et suivants du Code de la propri\u00e9t\u00e9 intellectuelle. Le non-respect de cette interdiction constitue une contrefa\u00e7on pouvant engager la responsabilit\u00e9 civile et p\u00e9nale du contrefacteur.<\/p>\n","protected":false},"excerpt":{"rendered":"<p>Qui sommes-nous&nbsp;? Le site collectifpivote.fr est la propri\u00e9t\u00e9 de Linda Korchi, Aur\u00e9lie Lebois, Charlie Weibel-Charvet, Laetitia Garabello et St\u00e9phanie Poey, auto-entepreneurs. Directeur de la publication Directeur de la publication : Aur\u00e9lie Lebois. H\u00e9bergement Site h\u00e9berg\u00e9&nbsp;par&nbsp;OVH, SAS au capital de 50 000 000\u20ac ayant son si\u00e8ge social au 2 RUE KELLERMANN, 59100 ROUBAIX, FRANCE, Siren 424 [&hellip;]<\/p>\n","protected":false},"author":1,"featured_media":0,"parent":0,"menu_order":0,"comment_status":"closed","ping_status":"closed","template":"","meta":{"footnotes":""},"class_list":["post-199","page","type-page","status-publish","hentry"],"_links":{"self":[{"href":"https:\/\/www.collectifpivote.fr\/index.php\/wp-json\/wp\/v2\/pages\/199","targetHints":{"allow":["GET"]}}],"collection":[{"href":"https:\/\/www.collectifpivote.fr\/index.php\/wp-json\/wp\/v2\/pages"}],"about":[{"href":"https:\/\/www.collectifpivote.fr\/index.php\/wp-json\/wp\/v2\/types\/page"}],"author":[{"embeddable":true,"href":"https:\/\/www.collectifpivote.fr\/index.php\/wp-json\/wp\/v2\/users\/1"}],"replies":[{"embeddable":true,"href":"https:\/\/www.collectifpivote.fr\/index.php\/wp-json\/wp\/v2\/comments?post=199"}],"version-history":[{"count":3,"href":"https:\/\/www.collectifpivote.fr\/index.php\/wp-json\/wp\/v2\/pages\/199\/revisions"}],"predecessor-version":[{"id":238,"href":"https:\/\/www.collectifpivote.fr\/index.php\/wp-json\/wp\/v2\/pages\/199\/revisions\/238"}],"wp:attachment":[{"href":"https:\/\/www.collectifpivote.fr\/index.php\/wp-json\/wp\/v2\/media?parent=199"}],"curies":[{"name":"wp","href":"https:\/\/api.w.org\/{rel}","templated":true}]}}